{"id":16915,"date":"2025-02-20T13:26:08","date_gmt":"2025-02-20T13:26:08","guid":{"rendered":"https:\/\/www.vtmarketseu.com\/fr\/?page_id=16915"},"modified":"2025-03-26T08:35:35","modified_gmt":"2025-03-26T08:35:35","slug":"us-cfd-shares","status":"publish","type":"page","link":"https:\/\/www.vtmarketseu.com\/fr\/cfd-shares\/us-cfd-shares\/","title":{"rendered":"US CFD shares"},"content":{"rendered":"","protected":false},"excerpt":{"rendered":"","protected":false},"author":7,"featured_media":0,"parent":156,"menu_order":0,"comment_status":"closed","ping_status":"closed","template":"template_us_cfd_shares.php","meta":{"_acf_changed":true,"om_disable_all_campaigns":false,"_monsterinsights_skip_tracking":false,"_monsterinsights_sitenote_active":false,"_monsterinsights_sitenote_note":"","_monsterinsights_sitenote_category":0,"footnotes":""},"class_list":["post-16915","page","type-page","status-publish","hentry"],"acf":[],"aioseo_notices":[],"aioseo_head":"\n\t\t<!-- All in One SEO Pro 4.9.5.2 - aioseo.com -->\n\t<meta name=\"description\" content=\"Acc\u00e9dez \u00e0 plus de 500 grandes entreprises am\u00e9ricaines. Tradez des CFD avec des co\u00fbts bas et un effet de levier jusqu&#039;\u00e0 33:1 avec VT Markets.\" \/>\n\t<meta name=\"robots\" content=\"max-image-preview:large\" \/>\n\t<link rel=\"canonical\" href=\"https:\/\/www.vtmarketseu.com\/fr\/cfd-shares\/us-cfd-shares\/\" \/>\n\t<meta name=\"generator\" content=\"All in One SEO Pro (AIOSEO) 4.9.5.2\" \/>\n\t\t<meta property=\"og:locale\" content=\"en_US\" \/>\n\t\t<meta property=\"og:site_name\" content=\"VT Markets -\" \/>\n\t\t<meta property=\"og:type\" content=\"article\" \/>\n\t\t<meta property=\"og:title\" content=\"Actions CFD US l Tradez plus de 500 grandes entreprises l VT Markets\" \/>\n\t\t<meta property=\"og:description\" content=\"Acc\u00e9dez \u00e0 plus de 500 grandes entreprises am\u00e9ricaines. Tradez des CFD avec des co\u00fbts bas et un effet de levier jusqu&#039;\u00e0 33:1 avec VT Markets.\" \/>\n\t\t<meta property=\"og:url\" content=\"https:\/\/www.vtmarketseu.com\/fr\/cfd-shares\/us-cfd-shares\/\" \/>\n\t\t<meta property=\"article:published_time\" content=\"2025-02-20T13:26:08+00:00\" \/>\n\t\t<meta property=\"article:modified_time\" content=\"2025-03-26T08:35:35+00:00\" \/>\n\t\t<meta name=\"twitter:card\" content=\"summary_large_image\" \/>\n\t\t<meta name=\"twitter:title\" content=\"Actions CFD US l Tradez plus de 500 grandes entreprises l VT Markets\" \/>\n\t\t<meta name=\"twitter:description\" content=\"Acc\u00e9dez \u00e0 plus de 500 grandes entreprises am\u00e9ricaines. Tradez des CFD avec des co\u00fbts bas et un effet de levier jusqu&#039;\u00e0 33:1 avec VT Markets.\" \/>\n\t\t<script type=\"application\/ld+json\" class=\"aioseo-schema\">\n\t\t\t{\"@context\":\"https:\\\/\\\/schema.org\",\"@graph\":[{\"@type\":\"BreadcrumbList\",\"@id\":\"https:\\\/\\\/www.vtmarketseu.com\\\/fr\\\/cfd-shares\\\/us-cfd-shares\\\/#breadcrumblist\",\"itemListElement\":[{\"@type\":\"ListItem\",\"@id\":\"https:\\\/\\\/www.vtmarketseu.com\\\/fr#listItem\",\"position\":1,\"name\":\"Home\",\"item\":\"https:\\\/\\\/www.vtmarketseu.com\\\/fr\",\"nextItem\":{\"@type\":\"ListItem\",\"@id\":\"https:\\\/\\\/www.vtmarketseu.com\\\/fr\\\/cfd-shares\\\/#listItem\",\"name\":\"CFD Shares\"}},{\"@type\":\"ListItem\",\"@id\":\"https:\\\/\\\/www.vtmarketseu.com\\\/fr\\\/cfd-shares\\\/#listItem\",\"position\":2,\"name\":\"CFD Shares\",\"item\":\"https:\\\/\\\/www.vtmarketseu.com\\\/fr\\\/cfd-shares\\\/\",\"nextItem\":{\"@type\":\"ListItem\",\"@id\":\"https:\\\/\\\/www.vtmarketseu.com\\\/fr\\\/cfd-shares\\\/us-cfd-shares\\\/#listItem\",\"name\":\"US CFD shares\"},\"previousItem\":{\"@type\":\"ListItem\",\"@id\":\"https:\\\/\\\/www.vtmarketseu.com\\\/fr#listItem\",\"name\":\"Home\"}},{\"@type\":\"ListItem\",\"@id\":\"https:\\\/\\\/www.vtmarketseu.com\\\/fr\\\/cfd-shares\\\/us-cfd-shares\\\/#listItem\",\"position\":3,\"name\":\"US CFD shares\",\"previousItem\":{\"@type\":\"ListItem\",\"@id\":\"https:\\\/\\\/www.vtmarketseu.com\\\/fr\\\/cfd-shares\\\/#listItem\",\"name\":\"CFD Shares\"}}]},{\"@type\":\"Organization\",\"@id\":\"https:\\\/\\\/www.vtmarketseu.com\\\/fr\\\/#organization\",\"name\":\"VT Markets\",\"url\":\"https:\\\/\\\/www.vtmarketseu.com\\\/fr\\\/\"},{\"@type\":\"WebPage\",\"@id\":\"https:\\\/\\\/www.vtmarketseu.com\\\/fr\\\/cfd-shares\\\/us-cfd-shares\\\/#webpage\",\"url\":\"https:\\\/\\\/www.vtmarketseu.com\\\/fr\\\/cfd-shares\\\/us-cfd-shares\\\/\",\"name\":\"Actions CFD US l Tradez plus de 500 grandes entreprises l VT Markets\",\"description\":\"Acc\\u00e9dez \\u00e0 plus de 500 grandes entreprises am\\u00e9ricaines. Tradez des CFD avec des co\\u00fbts bas et un effet de levier jusqu'\\u00e0 33:1 avec VT Markets.\",\"inLanguage\":\"en-US\",\"isPartOf\":{\"@id\":\"https:\\\/\\\/www.vtmarketseu.com\\\/fr\\\/#website\"},\"breadcrumb\":{\"@id\":\"https:\\\/\\\/www.vtmarketseu.com\\\/fr\\\/cfd-shares\\\/us-cfd-shares\\\/#breadcrumblist\"},\"datePublished\":\"2025-02-20T13:26:08+00:00\",\"dateModified\":\"2025-03-26T08:35:35+00:00\"},{\"@type\":\"WebSite\",\"@id\":\"https:\\\/\\\/www.vtmarketseu.com\\\/fr\\\/#website\",\"url\":\"https:\\\/\\\/www.vtmarketseu.com\\\/fr\\\/\",\"name\":\"VT Markets\",\"inLanguage\":\"en-US\",\"publisher\":{\"@id\":\"https:\\\/\\\/www.vtmarketseu.com\\\/fr\\\/#organization\"}}]}\n\t\t<\/script>\n\t\t<!-- All in One SEO Pro -->\r\n\t\t<title>Actions CFD US l Tradez plus de 500 grandes entreprises l VT Markets<\/title>\n\n","aioseo_head_json":{"title":"Actions CFD US l Tradez plus de 500 grandes entreprises l VT Markets","description":"Acc\u00e9dez \u00e0 plus de 500 grandes entreprises am\u00e9ricaines. Tradez des CFD avec des co\u00fbts bas et un effet de levier jusqu'\u00e0 33:1 avec VT Markets.","canonical_url":"https:\/\/www.vtmarketseu.com\/fr\/cfd-shares\/us-cfd-shares\/","robots":"max-image-preview:large","keywords":"","webmasterTools":{"miscellaneous":""},"schema":{"@context":"https:\/\/schema.org","@graph":[{"@type":"BreadcrumbList","@id":"https:\/\/www.vtmarketseu.com\/fr\/cfd-shares\/us-cfd-shares\/#breadcrumblist","itemListElement":[{"@type":"ListItem","@id":"https:\/\/www.vtmarketseu.com\/fr#listItem","position":1,"name":"Home","item":"https:\/\/www.vtmarketseu.com\/fr","nextItem":{"@type":"ListItem","@id":"https:\/\/www.vtmarketseu.com\/fr\/cfd-shares\/#listItem","name":"CFD Shares"}},{"@type":"ListItem","@id":"https:\/\/www.vtmarketseu.com\/fr\/cfd-shares\/#listItem","position":2,"name":"CFD Shares","item":"https:\/\/www.vtmarketseu.com\/fr\/cfd-shares\/","nextItem":{"@type":"ListItem","@id":"https:\/\/www.vtmarketseu.com\/fr\/cfd-shares\/us-cfd-shares\/#listItem","name":"US CFD shares"},"previousItem":{"@type":"ListItem","@id":"https:\/\/www.vtmarketseu.com\/fr#listItem","name":"Home"}},{"@type":"ListItem","@id":"https:\/\/www.vtmarketseu.com\/fr\/cfd-shares\/us-cfd-shares\/#listItem","position":3,"name":"US CFD shares","previousItem":{"@type":"ListItem","@id":"https:\/\/www.vtmarketseu.com\/fr\/cfd-shares\/#listItem","name":"CFD Shares"}}]},{"@type":"Organization","@id":"https:\/\/www.vtmarketseu.com\/fr\/#organization","name":"VT Markets","url":"https:\/\/www.vtmarketseu.com\/fr\/"},{"@type":"WebPage","@id":"https:\/\/www.vtmarketseu.com\/fr\/cfd-shares\/us-cfd-shares\/#webpage","url":"https:\/\/www.vtmarketseu.com\/fr\/cfd-shares\/us-cfd-shares\/","name":"Actions CFD US l Tradez plus de 500 grandes entreprises l VT Markets","description":"Acc\u00e9dez \u00e0 plus de 500 grandes entreprises am\u00e9ricaines. Tradez des CFD avec des co\u00fbts bas et un effet de levier jusqu'\u00e0 33:1 avec VT Markets.","inLanguage":"en-US","isPartOf":{"@id":"https:\/\/www.vtmarketseu.com\/fr\/#website"},"breadcrumb":{"@id":"https:\/\/www.vtmarketseu.com\/fr\/cfd-shares\/us-cfd-shares\/#breadcrumblist"},"datePublished":"2025-02-20T13:26:08+00:00","dateModified":"2025-03-26T08:35:35+00:00"},{"@type":"WebSite","@id":"https:\/\/www.vtmarketseu.com\/fr\/#website","url":"https:\/\/www.vtmarketseu.com\/fr\/","name":"VT Markets","inLanguage":"en-US","publisher":{"@id":"https:\/\/www.vtmarketseu.com\/fr\/#organization"}}]},"og:locale":"en_US","og:site_name":"VT Markets -","og:type":"article","og:title":"Actions CFD US l Tradez plus de 500 grandes entreprises l VT Markets","og:description":"Acc\u00e9dez \u00e0 plus de 500 grandes entreprises am\u00e9ricaines. Tradez des CFD avec des co\u00fbts bas et un effet de levier jusqu'\u00e0 33:1 avec VT Markets.","og:url":"https:\/\/www.vtmarketseu.com\/fr\/cfd-shares\/us-cfd-shares\/","article:published_time":"2025-02-20T13:26:08+00:00","article:modified_time":"2025-03-26T08:35:35+00:00","twitter:card":"summary_large_image","twitter:title":"Actions CFD US l Tradez plus de 500 grandes entreprises l VT Markets","twitter:description":"Acc\u00e9dez \u00e0 plus de 500 grandes entreprises am\u00e9ricaines. Tradez des CFD avec des co\u00fbts bas et un effet de levier jusqu'\u00e0 33:1 avec VT Markets."},"aioseo_meta_data":{"post_id":"16915","title":"Actions CFD US l Tradez plus de 500 grandes entreprises l VT Markets","description":"Acc\u00e9dez \u00e0 plus de 500 grandes entreprises am\u00e9ricaines. Tradez des CFD avec des co\u00fbts bas et un effet de levier jusqu'\u00e0 33:1 avec VT Markets.","keywords":null,"keyphrases":{"focus":{"keyphrase":"","score":0,"analysis":{"keyphraseInTitle":{"score":0,"maxScore":9,"error":1}}},"additional":[]},"primary_term":null,"canonical_url":null,"og_title":"Actions CFD US l Tradez plus de 500 grandes entreprises l VT Markets","og_description":"Acc\u00e9dez \u00e0 plus de 500 grandes entreprises am\u00e9ricaines. Tradez des CFD avec des co\u00fbts bas et un effet de levier jusqu'\u00e0 33:1 avec VT Markets.","og_object_type":"default","og_image_type":"default","og_image_url":null,"og_image_width":null,"og_image_height":null,"og_image_custom_url":null,"og_image_custom_fields":null,"og_video":"","og_custom_url":null,"og_article_section":null,"og_article_tags":null,"twitter_use_og":false,"twitter_card":"default","twitter_image_type":"default","twitter_image_url":null,"twitter_image_custom_url":null,"twitter_image_custom_fields":null,"twitter_title":"Actions CFD US l Tradez plus de 500 grandes entreprises l VT Markets","twitter_description":"Acc\u00e9dez \u00e0 plus de 500 grandes entreprises am\u00e9ricaines. Tradez des CFD avec des co\u00fbts bas et un effet de levier jusqu'\u00e0 33:1 avec VT Markets.","schema":{"blockGraphs":[],"customGraphs":[],"default":{"data":{"Article":[],"Course":[],"Dataset":[],"FAQPage":[],"Movie":[],"Person":[],"Product":[],"ProductReview":[],"Car":[],"Recipe":[],"Service":[],"SoftwareApplication":[],"WebPage":[]},"graphName":"WebPage","isEnabled":true},"graphs":[]},"schema_type":"default","schema_type_options":null,"pillar_content":false,"robots_default":true,"robots_noindex":false,"robots_noarchive":false,"robots_nosnippet":false,"robots_nofollow":false,"robots_noimageindex":false,"robots_noodp":false,"robots_notranslate":false,"robots_max_snippet":"-1","robots_max_videopreview":"-1","robots_max_imagepreview":"large","priority":null,"frequency":"default","local_seo":null,"seo_analyzer_scan_date":"2025-10-08 18:14:25","breadcrumb_settings":null,"limit_modified_date":false,"reviewed_by":null,"open_ai":"{\"title\":{\"suggestions\":[],\"usage\":0},\"description\":{\"suggestions\":[],\"usage\":0}}","ai":null,"created":"2025-02-20 13:26:10","updated":"2026-03-13 09:08:00"},"aioseo_breadcrumb":"<div class=\"aioseo-breadcrumbs\"><span class=\"aioseo-breadcrumb\">\n\t<a href=\"https:\/\/www.vtmarketseu.com\/fr\" title=\"Home\">Home<\/a>\n<\/span><span class=\"aioseo-breadcrumb-separator\">&raquo;<\/span><span class=\"aioseo-breadcrumb\">\n\t<a href=\"https:\/\/www.vtmarketseu.com\/fr\/cfd-shares\/\" title=\"CFD Shares\">CFD Shares<\/a>\n<\/span><span class=\"aioseo-breadcrumb-separator\">&raquo;<\/span><span class=\"aioseo-breadcrumb\">\n\tUS CFD shares\n<\/span><\/div>","aioseo_breadcrumb_json":[{"label":"Home","link":"https:\/\/www.vtmarketseu.com\/fr"},{"label":"CFD Shares","link":"https:\/\/www.vtmarketseu.com\/fr\/cfd-shares\/"},{"label":"US CFD shares","link":"https:\/\/www.vtmarketseu.com\/fr\/cfd-shares\/us-cfd-shares\/"}],"_links":{"self":[{"href":"https:\/\/www.vtmarketseu.com\/fr\/wp-json\/wp\/v2\/pages\/16915","targetHints":{"allow":["GET"]}}],"collection":[{"href":"https:\/\/www.vtmarketseu.com\/fr\/wp-json\/wp\/v2\/pages"}],"about":[{"href":"https:\/\/www.vtmarketseu.com\/fr\/wp-json\/wp\/v2\/types\/page"}],"author":[{"embeddable":true,"href":"https:\/\/www.vtmarketseu.com\/fr\/wp-json\/wp\/v2\/users\/7"}],"replies":[{"embeddable":true,"href":"https:\/\/www.vtmarketseu.com\/fr\/wp-json\/wp\/v2\/comments?post=16915"}],"version-history":[{"count":0,"href":"https:\/\/www.vtmarketseu.com\/fr\/wp-json\/wp\/v2\/pages\/16915\/revisions"}],"up":[{"embeddable":true,"href":"https:\/\/www.vtmarketseu.com\/fr\/wp-json\/wp\/v2\/pages\/156"}],"wp:attachment":[{"href":"https:\/\/www.vtmarketseu.com\/fr\/wp-json\/wp\/v2\/media?parent=16915"}],"curies":[{"name":"wp","href":"https:\/\/api.w.org\/{rel}","templated":true}]}}