{"id":16050,"date":"2024-12-19T07:15:07","date_gmt":"2024-12-19T07:15:07","guid":{"rendered":"https:\/\/www.vtmarketseu.com\/?page_id=16050"},"modified":"2025-02-25T06:21:35","modified_gmt":"2025-02-25T06:21:35","slug":"careers","status":"publish","type":"page","link":"https:\/\/www.vtmarketseu.com\/fr\/careers\/","title":{"rendered":"Careers"},"content":{"rendered":"","protected":false},"excerpt":{"rendered":"","protected":false},"author":2,"featured_media":0,"parent":0,"menu_order":0,"comment_status":"closed","ping_status":"closed","template":"template_careers.php","meta":{"_acf_changed":false,"om_disable_all_campaigns":false,"_monsterinsights_skip_tracking":false,"_monsterinsights_sitenote_active":false,"_monsterinsights_sitenote_note":"","_monsterinsights_sitenote_category":0,"footnotes":""},"class_list":["post-16050","page","type-page","status-publish","hentry"],"acf":[],"aioseo_notices":[],"aioseo_head":"\n\t\t<!-- All in One SEO Pro 4.9.5.2 - aioseo.com -->\n\t<meta name=\"description\" content=\"Rejoignez l\u2019\u00e9quipe VT Markets et faites \u00e9voluer votre carri\u00e8re avec un broker Forex leader. Explorez nos postes disponibles et contribuez \u00e0 notre service d\u2019excellence dans le monde entier.\" \/>\n\t<meta name=\"robots\" content=\"max-image-preview:large\" \/>\n\t<link rel=\"canonical\" href=\"https:\/\/www.vtmarketseu.com\/fr\/careers\/\" \/>\n\t<meta name=\"generator\" content=\"All in One SEO Pro (AIOSEO) 4.9.5.2\" \/>\n\t\t<meta property=\"og:locale\" content=\"en_US\" \/>\n\t\t<meta property=\"og:site_name\" content=\"VT Markets -\" \/>\n\t\t<meta property=\"og:type\" content=\"article\" \/>\n\t\t<meta property=\"og:title\" content=\"Carri\u00e8res chez VT Markets | Rejoignez VT Markets | Emplois VT Markets\" \/>\n\t\t<meta property=\"og:description\" content=\"Rejoignez l\u2019\u00e9quipe VT Markets et faites \u00e9voluer votre carri\u00e8re avec un broker Forex leader. Explorez nos postes disponibles et contribuez \u00e0 notre service d\u2019excellence dans le monde entier.\" \/>\n\t\t<meta property=\"og:url\" content=\"https:\/\/www.vtmarketseu.com\/fr\/careers\/\" \/>\n\t\t<meta property=\"article:published_time\" content=\"2024-12-19T07:15:07+00:00\" \/>\n\t\t<meta property=\"article:modified_time\" content=\"2025-02-25T06:21:35+00:00\" \/>\n\t\t<meta name=\"twitter:card\" content=\"summary_large_image\" \/>\n\t\t<meta name=\"twitter:title\" content=\"Carri\u00e8res chez VT Markets | Rejoignez VT Markets | Emplois VT Markets\" \/>\n\t\t<meta name=\"twitter:description\" content=\"Rejoignez l\u2019\u00e9quipe VT Markets et faites \u00e9voluer votre carri\u00e8re avec un broker Forex leader. Explorez nos postes disponibles et contribuez \u00e0 notre service d\u2019excellence dans le monde entier.\" \/>\n\t\t<script type=\"application\/ld+json\" class=\"aioseo-schema\">\n\t\t\t{\"@context\":\"https:\\\/\\\/schema.org\",\"@graph\":[{\"@type\":\"BreadcrumbList\",\"@id\":\"https:\\\/\\\/www.vtmarketseu.com\\\/fr\\\/careers\\\/#breadcrumblist\",\"itemListElement\":[{\"@type\":\"ListItem\",\"@id\":\"https:\\\/\\\/www.vtmarketseu.com\\\/fr#listItem\",\"position\":1,\"name\":\"Home\",\"item\":\"https:\\\/\\\/www.vtmarketseu.com\\\/fr\",\"nextItem\":{\"@type\":\"ListItem\",\"@id\":\"https:\\\/\\\/www.vtmarketseu.com\\\/fr\\\/careers\\\/#listItem\",\"name\":\"Careers\"}},{\"@type\":\"ListItem\",\"@id\":\"https:\\\/\\\/www.vtmarketseu.com\\\/fr\\\/careers\\\/#listItem\",\"position\":2,\"name\":\"Careers\",\"previousItem\":{\"@type\":\"ListItem\",\"@id\":\"https:\\\/\\\/www.vtmarketseu.com\\\/fr#listItem\",\"name\":\"Home\"}}]},{\"@type\":\"Organization\",\"@id\":\"https:\\\/\\\/www.vtmarketseu.com\\\/fr\\\/#organization\",\"name\":\"VT Markets\",\"url\":\"https:\\\/\\\/www.vtmarketseu.com\\\/fr\\\/\"},{\"@type\":\"WebPage\",\"@id\":\"https:\\\/\\\/www.vtmarketseu.com\\\/fr\\\/careers\\\/#webpage\",\"url\":\"https:\\\/\\\/www.vtmarketseu.com\\\/fr\\\/careers\\\/\",\"name\":\"Carri\\u00e8res chez VT Markets | Rejoignez VT Markets | Emplois VT Markets\",\"description\":\"Rejoignez l\\u2019\\u00e9quipe VT Markets et faites \\u00e9voluer votre carri\\u00e8re avec un broker Forex leader. Explorez nos postes disponibles et contribuez \\u00e0 notre service d\\u2019excellence dans le monde entier.\",\"inLanguage\":\"en-US\",\"isPartOf\":{\"@id\":\"https:\\\/\\\/www.vtmarketseu.com\\\/fr\\\/#website\"},\"breadcrumb\":{\"@id\":\"https:\\\/\\\/www.vtmarketseu.com\\\/fr\\\/careers\\\/#breadcrumblist\"},\"datePublished\":\"2024-12-19T07:15:07+00:00\",\"dateModified\":\"2025-02-25T06:21:35+00:00\"},{\"@type\":\"WebSite\",\"@id\":\"https:\\\/\\\/www.vtmarketseu.com\\\/fr\\\/#website\",\"url\":\"https:\\\/\\\/www.vtmarketseu.com\\\/fr\\\/\",\"name\":\"VT Markets\",\"inLanguage\":\"en-US\",\"publisher\":{\"@id\":\"https:\\\/\\\/www.vtmarketseu.com\\\/fr\\\/#organization\"}}]}\n\t\t<\/script>\n\t\t<!-- All in One SEO Pro -->\r\n\t\t<title>Carri\u00e8res chez VT Markets | Rejoignez VT Markets | Emplois VT Markets<\/title>\n\n","aioseo_head_json":{"title":"Carri\u00e8res chez VT Markets | Rejoignez VT Markets | Emplois VT Markets","description":"Rejoignez l\u2019\u00e9quipe VT Markets et faites \u00e9voluer votre carri\u00e8re avec un broker Forex leader. Explorez nos postes disponibles et contribuez \u00e0 notre service d\u2019excellence dans le monde entier.","canonical_url":"https:\/\/www.vtmarketseu.com\/fr\/careers\/","robots":"max-image-preview:large","keywords":"","webmasterTools":{"miscellaneous":""},"schema":{"@context":"https:\/\/schema.org","@graph":[{"@type":"BreadcrumbList","@id":"https:\/\/www.vtmarketseu.com\/fr\/careers\/#breadcrumblist","itemListElement":[{"@type":"ListItem","@id":"https:\/\/www.vtmarketseu.com\/fr#listItem","position":1,"name":"Home","item":"https:\/\/www.vtmarketseu.com\/fr","nextItem":{"@type":"ListItem","@id":"https:\/\/www.vtmarketseu.com\/fr\/careers\/#listItem","name":"Careers"}},{"@type":"ListItem","@id":"https:\/\/www.vtmarketseu.com\/fr\/careers\/#listItem","position":2,"name":"Careers","previousItem":{"@type":"ListItem","@id":"https:\/\/www.vtmarketseu.com\/fr#listItem","name":"Home"}}]},{"@type":"Organization","@id":"https:\/\/www.vtmarketseu.com\/fr\/#organization","name":"VT Markets","url":"https:\/\/www.vtmarketseu.com\/fr\/"},{"@type":"WebPage","@id":"https:\/\/www.vtmarketseu.com\/fr\/careers\/#webpage","url":"https:\/\/www.vtmarketseu.com\/fr\/careers\/","name":"Carri\u00e8res chez VT Markets | Rejoignez VT Markets | Emplois VT Markets","description":"Rejoignez l\u2019\u00e9quipe VT Markets et faites \u00e9voluer votre carri\u00e8re avec un broker Forex leader. Explorez nos postes disponibles et contribuez \u00e0 notre service d\u2019excellence dans le monde entier.","inLanguage":"en-US","isPartOf":{"@id":"https:\/\/www.vtmarketseu.com\/fr\/#website"},"breadcrumb":{"@id":"https:\/\/www.vtmarketseu.com\/fr\/careers\/#breadcrumblist"},"datePublished":"2024-12-19T07:15:07+00:00","dateModified":"2025-02-25T06:21:35+00:00"},{"@type":"WebSite","@id":"https:\/\/www.vtmarketseu.com\/fr\/#website","url":"https:\/\/www.vtmarketseu.com\/fr\/","name":"VT Markets","inLanguage":"en-US","publisher":{"@id":"https:\/\/www.vtmarketseu.com\/fr\/#organization"}}]},"og:locale":"en_US","og:site_name":"VT Markets -","og:type":"article","og:title":"Carri\u00e8res chez VT Markets | Rejoignez VT Markets | Emplois VT Markets","og:description":"Rejoignez l\u2019\u00e9quipe VT Markets et faites \u00e9voluer votre carri\u00e8re avec un broker Forex leader. Explorez nos postes disponibles et contribuez \u00e0 notre service d\u2019excellence dans le monde entier.","og:url":"https:\/\/www.vtmarketseu.com\/fr\/careers\/","article:published_time":"2024-12-19T07:15:07+00:00","article:modified_time":"2025-02-25T06:21:35+00:00","twitter:card":"summary_large_image","twitter:title":"Carri\u00e8res chez VT Markets | Rejoignez VT Markets | Emplois VT Markets","twitter:description":"Rejoignez l\u2019\u00e9quipe VT Markets et faites \u00e9voluer votre carri\u00e8re avec un broker Forex leader. Explorez nos postes disponibles et contribuez \u00e0 notre service d\u2019excellence dans le monde entier."},"aioseo_meta_data":{"post_id":"16050","title":"Carri\u00e8res chez VT Markets | Rejoignez VT Markets | Emplois VT Markets","description":"Rejoignez l\u2019\u00e9quipe VT Markets et faites \u00e9voluer votre carri\u00e8re avec un broker Forex leader. Explorez nos postes disponibles et contribuez \u00e0 notre service d\u2019excellence dans le monde entier.","keywords":null,"keyphrases":{"focus":{"keyphrase":"","score":0,"analysis":{"keyphraseInTitle":{"score":0,"maxScore":9,"error":1}}},"additional":[]},"primary_term":null,"canonical_url":null,"og_title":"Carri\u00e8res chez VT Markets | Rejoignez VT Markets | Emplois VT Markets","og_description":"Rejoignez l\u2019\u00e9quipe VT Markets et faites \u00e9voluer votre carri\u00e8re avec un broker Forex leader. Explorez nos postes disponibles et contribuez \u00e0 notre service d\u2019excellence dans le monde entier.","og_object_type":"default","og_image_type":"default","og_image_url":null,"og_image_width":null,"og_image_height":null,"og_image_custom_url":null,"og_image_custom_fields":null,"og_video":"","og_custom_url":null,"og_article_section":null,"og_article_tags":null,"twitter_use_og":false,"twitter_card":"default","twitter_image_type":"default","twitter_image_url":null,"twitter_image_custom_url":null,"twitter_image_custom_fields":null,"twitter_title":"Carri\u00e8res chez VT Markets | Rejoignez VT Markets | Emplois VT Markets","twitter_description":"Rejoignez l\u2019\u00e9quipe VT Markets et faites \u00e9voluer votre carri\u00e8re avec un broker Forex leader. Explorez nos postes disponibles et contribuez \u00e0 notre service d\u2019excellence dans le monde entier.","schema":{"blockGraphs":[],"customGraphs":[],"default":{"data":{"Article":[],"Course":[],"Dataset":[],"FAQPage":[],"Movie":[],"Person":[],"Product":[],"ProductReview":[],"Car":[],"Recipe":[],"Service":[],"SoftwareApplication":[],"WebPage":[]},"graphName":"WebPage","isEnabled":true},"graphs":[]},"schema_type":"default","schema_type_options":null,"pillar_content":false,"robots_default":true,"robots_noindex":false,"robots_noarchive":false,"robots_nosnippet":false,"robots_nofollow":false,"robots_noimageindex":false,"robots_noodp":false,"robots_notranslate":false,"robots_max_snippet":"-1","robots_max_videopreview":"-1","robots_max_imagepreview":"large","priority":null,"frequency":"default","local_seo":null,"seo_analyzer_scan_date":"2025-10-08 18:00:53","breadcrumb_settings":null,"limit_modified_date":false,"reviewed_by":null,"open_ai":"{\"title\":{\"suggestions\":[],\"usage\":0},\"description\":{\"suggestions\":[],\"usage\":0}}","ai":null,"created":"2025-02-12 02:18:33","updated":"2026-03-13 09:10:06"},"aioseo_breadcrumb":"<div class=\"aioseo-breadcrumbs\"><span class=\"aioseo-breadcrumb\">\n\t<a href=\"https:\/\/www.vtmarketseu.com\/fr\" title=\"Home\">Home<\/a>\n<\/span><span class=\"aioseo-breadcrumb-separator\">&raquo;<\/span><span class=\"aioseo-breadcrumb\">\n\tCareers\n<\/span><\/div>","aioseo_breadcrumb_json":[{"label":"Home","link":"https:\/\/www.vtmarketseu.com\/fr"},{"label":"Careers","link":"https:\/\/www.vtmarketseu.com\/fr\/careers\/"}],"_links":{"self":[{"href":"https:\/\/www.vtmarketseu.com\/fr\/wp-json\/wp\/v2\/pages\/16050","targetHints":{"allow":["GET"]}}],"collection":[{"href":"https:\/\/www.vtmarketseu.com\/fr\/wp-json\/wp\/v2\/pages"}],"about":[{"href":"https:\/\/www.vtmarketseu.com\/fr\/wp-json\/wp\/v2\/types\/page"}],"author":[{"embeddable":true,"href":"https:\/\/www.vtmarketseu.com\/fr\/wp-json\/wp\/v2\/users\/2"}],"replies":[{"embeddable":true,"href":"https:\/\/www.vtmarketseu.com\/fr\/wp-json\/wp\/v2\/comments?post=16050"}],"version-history":[{"count":0,"href":"https:\/\/www.vtmarketseu.com\/fr\/wp-json\/wp\/v2\/pages\/16050\/revisions"}],"wp:attachment":[{"href":"https:\/\/www.vtmarketseu.com\/fr\/wp-json\/wp\/v2\/media?parent=16050"}],"curies":[{"name":"wp","href":"https:\/\/api.w.org\/{rel}","templated":true}]}}