{"id":114,"date":"2024-11-06T05:27:20","date_gmt":"2024-11-06T05:27:20","guid":{"rendered":"https:\/\/www.vtmarketseu.com\/?page_id=114"},"modified":"2025-07-08T09:53:36","modified_gmt":"2025-07-08T09:53:36","slug":"research","status":"publish","type":"page","link":"https:\/\/www.vtmarketseu.com\/fr\/research\/","title":{"rendered":"Research"},"content":{"rendered":"","protected":false},"excerpt":{"rendered":"","protected":false},"author":2,"featured_media":0,"parent":0,"menu_order":0,"comment_status":"closed","ping_status":"closed","template":"template_research.php","meta":{"_acf_changed":false,"om_disable_all_campaigns":false,"_monsterinsights_skip_tracking":false,"_monsterinsights_sitenote_active":false,"_monsterinsights_sitenote_note":"","_monsterinsights_sitenote_category":0,"footnotes":""},"class_list":["post-114","page","type-page","status-publish","hentry"],"acf":[],"aioseo_notices":[],"aioseo_head":"\n\t\t<!-- All in One SEO Pro 4.9.5.2 - aioseo.com -->\n\t<meta name=\"description\" content=\"Acc\u00e9dez \u00e0 des analyses d&#039;experts, des pr\u00e9visions et des mises \u00e0 jour quotidiennes sur les devises, les mati\u00e8res premi\u00e8res, les indices et plus encore. Restez inform\u00e9 avec les outils de recherche complets de VT Markets.\" \/>\n\t<meta name=\"robots\" content=\"max-image-preview:large\" \/>\n\t<link rel=\"canonical\" href=\"https:\/\/www.vtmarketseu.com\/fr\/research\/\" \/>\n\t<meta name=\"generator\" content=\"All in One SEO Pro (AIOSEO) 4.9.5.2\" \/>\n\t\t<meta property=\"og:locale\" content=\"en_US\" \/>\n\t\t<meta property=\"og:site_name\" content=\"VT Markets -\" \/>\n\t\t<meta property=\"og:type\" content=\"article\" \/>\n\t\t<meta property=\"og:title\" content=\"Recherche et analyses de march\u00e9 | VT Markets\" \/>\n\t\t<meta property=\"og:description\" content=\"Acc\u00e9dez \u00e0 des analyses d&#039;experts, des pr\u00e9visions et des mises \u00e0 jour quotidiennes sur les devises, les mati\u00e8res premi\u00e8res, les indices et plus encore. Restez inform\u00e9 avec les outils de recherche complets de VT Markets.\" \/>\n\t\t<meta property=\"og:url\" content=\"https:\/\/www.vtmarketseu.com\/fr\/research\/\" \/>\n\t\t<meta property=\"article:published_time\" content=\"2024-11-06T05:27:20+00:00\" \/>\n\t\t<meta property=\"article:modified_time\" content=\"2025-07-08T09:53:36+00:00\" \/>\n\t\t<meta name=\"twitter:card\" content=\"summary_large_image\" \/>\n\t\t<meta name=\"twitter:title\" content=\"Recherche et analyses de march\u00e9 | VT Markets\" \/>\n\t\t<meta name=\"twitter:description\" content=\"Acc\u00e9dez \u00e0 des analyses d&#039;experts, des pr\u00e9visions et des mises \u00e0 jour quotidiennes sur les devises, les mati\u00e8res premi\u00e8res, les indices et plus encore. Restez inform\u00e9 avec les outils de recherche complets de VT Markets.\" \/>\n\t\t<script type=\"application\/ld+json\" class=\"aioseo-schema\">\n\t\t\t{\"@context\":\"https:\\\/\\\/schema.org\",\"@graph\":[{\"@type\":\"BreadcrumbList\",\"@id\":\"https:\\\/\\\/www.vtmarketseu.com\\\/fr\\\/research\\\/#breadcrumblist\",\"itemListElement\":[{\"@type\":\"ListItem\",\"@id\":\"https:\\\/\\\/www.vtmarketseu.com\\\/fr#listItem\",\"position\":1,\"name\":\"Home\",\"item\":\"https:\\\/\\\/www.vtmarketseu.com\\\/fr\",\"nextItem\":{\"@type\":\"ListItem\",\"@id\":\"https:\\\/\\\/www.vtmarketseu.com\\\/fr\\\/research\\\/#listItem\",\"name\":\"Research\"}},{\"@type\":\"ListItem\",\"@id\":\"https:\\\/\\\/www.vtmarketseu.com\\\/fr\\\/research\\\/#listItem\",\"position\":2,\"name\":\"Research\",\"previousItem\":{\"@type\":\"ListItem\",\"@id\":\"https:\\\/\\\/www.vtmarketseu.com\\\/fr#listItem\",\"name\":\"Home\"}}]},{\"@type\":\"Organization\",\"@id\":\"https:\\\/\\\/www.vtmarketseu.com\\\/fr\\\/#organization\",\"name\":\"VT Markets\",\"url\":\"https:\\\/\\\/www.vtmarketseu.com\\\/fr\\\/\"},{\"@type\":\"WebPage\",\"@id\":\"https:\\\/\\\/www.vtmarketseu.com\\\/fr\\\/research\\\/#webpage\",\"url\":\"https:\\\/\\\/www.vtmarketseu.com\\\/fr\\\/research\\\/\",\"name\":\"Recherche et analyses de march\\u00e9 | VT Markets\",\"description\":\"Acc\\u00e9dez \\u00e0 des analyses d'experts, des pr\\u00e9visions et des mises \\u00e0 jour quotidiennes sur les devises, les mati\\u00e8res premi\\u00e8res, les indices et plus encore. Restez inform\\u00e9 avec les outils de recherche complets de VT Markets.\",\"inLanguage\":\"en-US\",\"isPartOf\":{\"@id\":\"https:\\\/\\\/www.vtmarketseu.com\\\/fr\\\/#website\"},\"breadcrumb\":{\"@id\":\"https:\\\/\\\/www.vtmarketseu.com\\\/fr\\\/research\\\/#breadcrumblist\"},\"datePublished\":\"2024-11-06T05:27:20+00:00\",\"dateModified\":\"2025-07-08T09:53:36+00:00\"},{\"@type\":\"WebSite\",\"@id\":\"https:\\\/\\\/www.vtmarketseu.com\\\/fr\\\/#website\",\"url\":\"https:\\\/\\\/www.vtmarketseu.com\\\/fr\\\/\",\"name\":\"VT Markets\",\"inLanguage\":\"en-US\",\"publisher\":{\"@id\":\"https:\\\/\\\/www.vtmarketseu.com\\\/fr\\\/#organization\"}}]}\n\t\t<\/script>\n\t\t<!-- All in One SEO Pro -->\r\n\t\t<title>Recherche et analyses de march\u00e9 | VT Markets<\/title>\n\n","aioseo_head_json":{"title":"Recherche et analyses de march\u00e9 | VT Markets","description":"Acc\u00e9dez \u00e0 des analyses d'experts, des pr\u00e9visions et des mises \u00e0 jour quotidiennes sur les devises, les mati\u00e8res premi\u00e8res, les indices et plus encore. Restez inform\u00e9 avec les outils de recherche complets de VT Markets.","canonical_url":"https:\/\/www.vtmarketseu.com\/fr\/research\/","robots":"max-image-preview:large","keywords":"","webmasterTools":{"miscellaneous":""},"schema":{"@context":"https:\/\/schema.org","@graph":[{"@type":"BreadcrumbList","@id":"https:\/\/www.vtmarketseu.com\/fr\/research\/#breadcrumblist","itemListElement":[{"@type":"ListItem","@id":"https:\/\/www.vtmarketseu.com\/fr#listItem","position":1,"name":"Home","item":"https:\/\/www.vtmarketseu.com\/fr","nextItem":{"@type":"ListItem","@id":"https:\/\/www.vtmarketseu.com\/fr\/research\/#listItem","name":"Research"}},{"@type":"ListItem","@id":"https:\/\/www.vtmarketseu.com\/fr\/research\/#listItem","position":2,"name":"Research","previousItem":{"@type":"ListItem","@id":"https:\/\/www.vtmarketseu.com\/fr#listItem","name":"Home"}}]},{"@type":"Organization","@id":"https:\/\/www.vtmarketseu.com\/fr\/#organization","name":"VT Markets","url":"https:\/\/www.vtmarketseu.com\/fr\/"},{"@type":"WebPage","@id":"https:\/\/www.vtmarketseu.com\/fr\/research\/#webpage","url":"https:\/\/www.vtmarketseu.com\/fr\/research\/","name":"Recherche et analyses de march\u00e9 | VT Markets","description":"Acc\u00e9dez \u00e0 des analyses d'experts, des pr\u00e9visions et des mises \u00e0 jour quotidiennes sur les devises, les mati\u00e8res premi\u00e8res, les indices et plus encore. Restez inform\u00e9 avec les outils de recherche complets de VT Markets.","inLanguage":"en-US","isPartOf":{"@id":"https:\/\/www.vtmarketseu.com\/fr\/#website"},"breadcrumb":{"@id":"https:\/\/www.vtmarketseu.com\/fr\/research\/#breadcrumblist"},"datePublished":"2024-11-06T05:27:20+00:00","dateModified":"2025-07-08T09:53:36+00:00"},{"@type":"WebSite","@id":"https:\/\/www.vtmarketseu.com\/fr\/#website","url":"https:\/\/www.vtmarketseu.com\/fr\/","name":"VT Markets","inLanguage":"en-US","publisher":{"@id":"https:\/\/www.vtmarketseu.com\/fr\/#organization"}}]},"og:locale":"en_US","og:site_name":"VT Markets -","og:type":"article","og:title":"Recherche et analyses de march\u00e9 | VT Markets","og:description":"Acc\u00e9dez \u00e0 des analyses d'experts, des pr\u00e9visions et des mises \u00e0 jour quotidiennes sur les devises, les mati\u00e8res premi\u00e8res, les indices et plus encore. Restez inform\u00e9 avec les outils de recherche complets de VT Markets.","og:url":"https:\/\/www.vtmarketseu.com\/fr\/research\/","article:published_time":"2024-11-06T05:27:20+00:00","article:modified_time":"2025-07-08T09:53:36+00:00","twitter:card":"summary_large_image","twitter:title":"Recherche et analyses de march\u00e9 | VT Markets","twitter:description":"Acc\u00e9dez \u00e0 des analyses d'experts, des pr\u00e9visions et des mises \u00e0 jour quotidiennes sur les devises, les mati\u00e8res premi\u00e8res, les indices et plus encore. Restez inform\u00e9 avec les outils de recherche complets de VT Markets."},"aioseo_meta_data":{"post_id":"114","title":"Recherche et analyses de march\u00e9 | VT Markets","description":"Acc\u00e9dez \u00e0 des analyses d'experts, des pr\u00e9visions et des mises \u00e0 jour quotidiennes sur les devises, les mati\u00e8res premi\u00e8res, les indices et plus encore. Restez inform\u00e9 avec les outils de recherche complets de VT Markets.","keywords":null,"keyphrases":{"focus":{"keyphrase":"","score":0,"analysis":{"keyphraseInTitle":{"score":0,"maxScore":9,"error":1}}},"additional":[]},"primary_term":null,"canonical_url":null,"og_title":null,"og_description":null,"og_object_type":"default","og_image_type":"default","og_image_url":null,"og_image_width":null,"og_image_height":null,"og_image_custom_url":null,"og_image_custom_fields":null,"og_video":"","og_custom_url":null,"og_article_section":null,"og_article_tags":null,"twitter_use_og":false,"twitter_card":"default","twitter_image_type":"default","twitter_image_url":null,"twitter_image_custom_url":null,"twitter_image_custom_fields":null,"twitter_title":null,"twitter_description":null,"schema":{"blockGraphs":[],"customGraphs":[],"default":{"data":{"Article":[],"Course":[],"Dataset":[],"FAQPage":[],"Movie":[],"Person":[],"Product":[],"ProductReview":[],"Car":[],"Recipe":[],"Service":[],"SoftwareApplication":[],"WebPage":[]},"graphName":"WebPage","isEnabled":true},"graphs":[]},"schema_type":"default","schema_type_options":null,"pillar_content":false,"robots_default":true,"robots_noindex":false,"robots_noarchive":false,"robots_nosnippet":false,"robots_nofollow":false,"robots_noimageindex":false,"robots_noodp":false,"robots_notranslate":false,"robots_max_snippet":"-1","robots_max_videopreview":"-1","robots_max_imagepreview":"large","priority":null,"frequency":"default","local_seo":null,"seo_analyzer_scan_date":"2025-10-08 17:46:45","breadcrumb_settings":null,"limit_modified_date":false,"reviewed_by":null,"open_ai":null,"ai":{"faqs":[],"keyPoints":[],"titles":[],"descriptions":[],"socialPosts":{"email":[],"linkedin":[],"twitter":[],"facebook":[],"instagram":[]}},"created":"2025-02-12 02:10:22","updated":"2026-03-27 01:34:58"},"aioseo_breadcrumb":"<div class=\"aioseo-breadcrumbs\"><span class=\"aioseo-breadcrumb\">\n\t<a href=\"https:\/\/www.vtmarketseu.com\/fr\" title=\"Home\">Home<\/a>\n<\/span><span class=\"aioseo-breadcrumb-separator\">&raquo;<\/span><span class=\"aioseo-breadcrumb\">\n\tResearch\n<\/span><\/div>","aioseo_breadcrumb_json":[{"label":"Home","link":"https:\/\/www.vtmarketseu.com\/fr"},{"label":"Research","link":"https:\/\/www.vtmarketseu.com\/fr\/research\/"}],"_links":{"self":[{"href":"https:\/\/www.vtmarketseu.com\/fr\/wp-json\/wp\/v2\/pages\/114","targetHints":{"allow":["GET"]}}],"collection":[{"href":"https:\/\/www.vtmarketseu.com\/fr\/wp-json\/wp\/v2\/pages"}],"about":[{"href":"https:\/\/www.vtmarketseu.com\/fr\/wp-json\/wp\/v2\/types\/page"}],"author":[{"embeddable":true,"href":"https:\/\/www.vtmarketseu.com\/fr\/wp-json\/wp\/v2\/users\/2"}],"replies":[{"embeddable":true,"href":"https:\/\/www.vtmarketseu.com\/fr\/wp-json\/wp\/v2\/comments?post=114"}],"version-history":[{"count":0,"href":"https:\/\/www.vtmarketseu.com\/fr\/wp-json\/wp\/v2\/pages\/114\/revisions"}],"wp:attachment":[{"href":"https:\/\/www.vtmarketseu.com\/fr\/wp-json\/wp\/v2\/media?parent=114"}],"curies":[{"name":"wp","href":"https:\/\/api.w.org\/{rel}","templated":true}]}}